{"id":261,"date":"2016-07-18T20:37:46","date_gmt":"2016-07-18T18:37:46","guid":{"rendered":"http:\/\/www.savoirpourtous.eu\/rollerpourtous\/?page_id=261"},"modified":"2016-07-19T16:22:41","modified_gmt":"2016-07-19T14:22:41","slug":"toulon-pradet","status":"publish","type":"page","link":"https:\/\/www.savoirpourtous.eu\/rollerpourtous\/ballade-en-roller\/toulon-pradet\/","title":{"rendered":"Toulon-Pradet"},"content":{"rendered":"<p><img loading=\"lazy\" decoding=\"async\" class=\" wp-image-253 alignleft\" src=\"http:\/\/www.savoirpourtous.eu\/rollerpourtous\/wp-content\/uploads\/2016\/07\/Appareil_Photo.png\" alt=\"Appareil Photo\" width=\"150\" height=\"113\" \/>Passons au vif du sujet, c&rsquo;est \u00e0 dire les photos des pistes cyclables allant de Claret jusqu&rsquo;au Pradet.<\/p>\n<p>&nbsp;<\/p>\n<blockquote><p>Etant habitu\u00e9 de partir de chez moi donc du quartier Claret, pourquoi ne pas montrer la fa\u00e7on la plus simple et la plus rapide d&rsquo;acc\u00e9der au d\u00e9but de la piste cyclable par quelques photos.<\/p>\n<table style=\"width: 570px;\">\n<tbody>\n<tr>\n<td style=\"width: 151px;\">\n<p><figure id=\"attachment_266\" aria-describedby=\"caption-attachment-266\" style=\"width: 150px\" class=\"wp-caption alignnone\"><a href=\"http:\/\/www.savoirpourtous.eu\/rollerpourtous\/ballade-en-roller\/claret-eglise-pie-x-2\/\"><img loading=\"lazy\" decoding=\"async\" class=\"wp-image-266 size-thumbnail\" title=\"D\u00e9but de la piste cyclable de Toulon\" src=\"http:\/\/www.savoirpourtous.eu\/rollerpourtous\/wp-content\/uploads\/2016\/07\/Claret-Eglise_083-150x150.jpg\" alt=\"D\u00e9but de la ballade, je pars de Claret\" width=\"150\" height=\"150\" \/><\/a><figcaption id=\"caption-attachment-266\" class=\"wp-caption-text\">D\u00e9but de la ballade, je pars de Claret<\/figcaption><\/figure><\/td>\n<td style=\"width: 168px;\">\n<p><figure id=\"attachment_293\" aria-describedby=\"caption-attachment-293\" style=\"width: 165px\" class=\"wp-caption alignnone\"><a href=\"http:\/\/www.savoirpourtous.eu\/rollerpourtous\/eglise-toulon\/\"><img loading=\"lazy\" decoding=\"async\" class=\"wp-image-293\" src=\"http:\/\/www.savoirpourtous.eu\/rollerpourtous\/wp-content\/uploads\/2016\/07\/Claret-Eglise_117-300x225.jpg\" alt=\"D\u00e9but de l'\u00e9glise Pie X \u00e0 la piste cyclable \" width=\"165\" height=\"124\" srcset=\"https:\/\/www.savoirpourtous.eu\/rollerpourtous\/wp-content\/uploads\/2016\/07\/Claret-Eglise_117-300x225.jpg 300w, https:\/\/www.savoirpourtous.eu\/rollerpourtous\/wp-content\/uploads\/2016\/07\/Claret-Eglise_117-768x576.jpg 768w, https:\/\/www.savoirpourtous.eu\/rollerpourtous\/wp-content\/uploads\/2016\/07\/Claret-Eglise_117-1024x768.jpg 1024w, https:\/\/www.savoirpourtous.eu\/rollerpourtous\/wp-content\/uploads\/2016\/07\/Claret-Eglise_117.jpg 1296w\" sizes=\"auto, (max-width: 165px) 100vw, 165px\" \/><\/a><figcaption id=\"caption-attachment-293\" class=\"wp-caption-text\">D\u00e9but de l&rsquo;\u00e9glise Pie X \u00e0 la piste cyclable<\/figcaption><\/figure><\/td>\n<td style=\"width: 204px;\">\n<p><figure id=\"attachment_349\" aria-describedby=\"caption-attachment-349\" style=\"width: 150px\" class=\"wp-caption alignnone\"><a href=\"http:\/\/www.savoirpourtous.eu\/rollerpourtous\/piste_toulon-pradet\/\"><img loading=\"lazy\" decoding=\"async\" class=\"wp-image-349 size-thumbnail\" src=\"http:\/\/www.savoirpourtous.eu\/rollerpourtous\/wp-content\/uploads\/2016\/07\/Toulon-Pradet_136-150x150.jpg\" alt=\"Nous voil\u00e0 arriv\u00e9 sur le tron\u00e7on de la piste cyclable\" width=\"150\" height=\"150\" \/><\/a><figcaption id=\"caption-attachment-349\" class=\"wp-caption-text\">Nous voil\u00e0 arriv\u00e9 sur le tron\u00e7on de la piste cyclable<\/figcaption><\/figure><\/td>\n<\/tr>\n<\/tbody>\n<\/table>\n<\/blockquote>\n<p>&nbsp;<\/p>\n<p>&nbsp;<\/p>\n","protected":false},"excerpt":{"rendered":"<p>Passons au vif du sujet, c&rsquo;est \u00e0 dire les photos des pistes cyclables allant de Claret jusqu&rsquo;au Pradet. &nbsp; Etant habitu\u00e9 de partir de chez moi donc du quartier Claret, pourquoi ne pas montrer la fa\u00e7on la plus simple et la plus rapide d&rsquo;acc\u00e9der au d\u00e9but de la piste cyclable par quelques photos. &nbsp; &nbsp;<\/p>\n","protected":false},"author":1,"featured_media":0,"parent":28,"menu_order":0,"comment_status":"closed","ping_status":"closed","template":"","meta":{"footnotes":""},"class_list":["post-261","page","type-page","status-publish","hentry"],"yoast_head":"<!-- This site is optimized with the Yoast SEO plugin v27.3 - https:\/\/yoast.com\/product\/yoast-seo-wordpress\/ -->\n<title>Toulon-Pradet - Roller Pour Tous<\/title>\n<meta name=\"robots\" content=\"index, follow, max-snippet:-1, max-image-preview:large, max-video-preview:-1\" \/>\n<link rel=\"canonical\" href=\"https:\/\/www.savoirpourtous.eu\/rollerpourtous\/ballade-en-roller\/toulon-pradet\/\" \/>\n<meta property=\"og:locale\" content=\"fr_FR\" \/>\n<meta property=\"og:type\" content=\"article\" \/>\n<meta property=\"og:title\" content=\"Toulon-Pradet - Roller Pour Tous\" \/>\n<meta property=\"og:description\" content=\"Passons au vif du sujet, c&rsquo;est \u00e0 dire les photos des pistes cyclables allant de Claret jusqu&rsquo;au Pradet. &nbsp; Etant habitu\u00e9 de partir de chez moi donc du quartier Claret, pourquoi ne pas montrer la fa\u00e7on la plus simple et la plus rapide d&rsquo;acc\u00e9der au d\u00e9but de la piste cyclable par quelques photos. &nbsp; &nbsp;\" \/>\n<meta property=\"og:url\" content=\"https:\/\/www.savoirpourtous.eu\/rollerpourtous\/ballade-en-roller\/toulon-pradet\/\" \/>\n<meta property=\"og:site_name\" content=\"Roller Pour Tous\" \/>\n<meta property=\"article:modified_time\" content=\"2016-07-19T14:22:41+00:00\" \/>\n<meta property=\"og:image\" content=\"https:\/\/www.savoirpourtous.eu\/rollerpourtous\/wp-content\/uploads\/2016\/07\/Appareil_Photo.png\" \/>\n\t<meta property=\"og:image:width\" content=\"240\" \/>\n\t<meta property=\"og:image:height\" content=\"180\" \/>\n\t<meta property=\"og:image:type\" content=\"image\/png\" \/>\n<meta name=\"twitter:card\" content=\"summary_large_image\" \/>\n<meta name=\"twitter:label1\" content=\"Dur\u00e9e de lecture estim\u00e9e\" \/>\n\t<meta name=\"twitter:data1\" content=\"1 minute\" \/>\n<script type=\"application\/ld+json\" class=\"yoast-schema-graph\">{\"@context\":\"https:\\\/\\\/schema.org\",\"@graph\":[{\"@type\":\"WebPage\",\"@id\":\"https:\\\/\\\/www.savoirpourtous.eu\\\/rollerpourtous\\\/ballade-en-roller\\\/toulon-pradet\\\/\",\"url\":\"https:\\\/\\\/www.savoirpourtous.eu\\\/rollerpourtous\\\/ballade-en-roller\\\/toulon-pradet\\\/\",\"name\":\"Toulon-Pradet - Roller Pour Tous\",\"isPartOf\":{\"@id\":\"https:\\\/\\\/www.savoirpourtous.eu\\\/rollerpourtous\\\/#website\"},\"primaryImageOfPage\":{\"@id\":\"https:\\\/\\\/www.savoirpourtous.eu\\\/rollerpourtous\\\/ballade-en-roller\\\/toulon-pradet\\\/#primaryimage\"},\"image\":{\"@id\":\"https:\\\/\\\/www.savoirpourtous.eu\\\/rollerpourtous\\\/ballade-en-roller\\\/toulon-pradet\\\/#primaryimage\"},\"thumbnailUrl\":\"http:\\\/\\\/www.savoirpourtous.eu\\\/rollerpourtous\\\/wp-content\\\/uploads\\\/2016\\\/07\\\/Appareil_Photo.png\",\"datePublished\":\"2016-07-18T18:37:46+00:00\",\"dateModified\":\"2016-07-19T14:22:41+00:00\",\"breadcrumb\":{\"@id\":\"https:\\\/\\\/www.savoirpourtous.eu\\\/rollerpourtous\\\/ballade-en-roller\\\/toulon-pradet\\\/#breadcrumb\"},\"inLanguage\":\"fr-FR\",\"potentialAction\":[{\"@type\":\"ReadAction\",\"target\":[\"https:\\\/\\\/www.savoirpourtous.eu\\\/rollerpourtous\\\/ballade-en-roller\\\/toulon-pradet\\\/\"]}]},{\"@type\":\"ImageObject\",\"inLanguage\":\"fr-FR\",\"@id\":\"https:\\\/\\\/www.savoirpourtous.eu\\\/rollerpourtous\\\/ballade-en-roller\\\/toulon-pradet\\\/#primaryimage\",\"url\":\"https:\\\/\\\/www.savoirpourtous.eu\\\/rollerpourtous\\\/wp-content\\\/uploads\\\/2016\\\/07\\\/Appareil_Photo.png\",\"contentUrl\":\"https:\\\/\\\/www.savoirpourtous.eu\\\/rollerpourtous\\\/wp-content\\\/uploads\\\/2016\\\/07\\\/Appareil_Photo.png\",\"width\":240,\"height\":180,\"caption\":\"Appareil Photo\"},{\"@type\":\"BreadcrumbList\",\"@id\":\"https:\\\/\\\/www.savoirpourtous.eu\\\/rollerpourtous\\\/ballade-en-roller\\\/toulon-pradet\\\/#breadcrumb\",\"itemListElement\":[{\"@type\":\"ListItem\",\"position\":1,\"name\":\"Accueil\",\"item\":\"https:\\\/\\\/www.savoirpourtous.eu\\\/rollerpourtous\\\/\"},{\"@type\":\"ListItem\",\"position\":2,\"name\":\"Ballade en Roller\",\"item\":\"https:\\\/\\\/www.savoirpourtous.eu\\\/rollerpourtous\\\/ballade-en-roller\\\/\"},{\"@type\":\"ListItem\",\"position\":3,\"name\":\"Toulon-Pradet\"}]},{\"@type\":\"WebSite\",\"@id\":\"https:\\\/\\\/www.savoirpourtous.eu\\\/rollerpourtous\\\/#website\",\"url\":\"https:\\\/\\\/www.savoirpourtous.eu\\\/rollerpourtous\\\/\",\"name\":\"Roller Pour Tous\",\"description\":\"Rouler c&#039;est la sant\u00e9\",\"potentialAction\":[{\"@type\":\"SearchAction\",\"target\":{\"@type\":\"EntryPoint\",\"urlTemplate\":\"https:\\\/\\\/www.savoirpourtous.eu\\\/rollerpourtous\\\/?s={search_term_string}\"},\"query-input\":{\"@type\":\"PropertyValueSpecification\",\"valueRequired\":true,\"valueName\":\"search_term_string\"}}],\"inLanguage\":\"fr-FR\"}]}<\/script>\n<!-- \/ Yoast SEO plugin. -->","yoast_head_json":{"title":"Toulon-Pradet - Roller Pour Tous","robots":{"index":"index","follow":"follow","max-snippet":"max-snippet:-1","max-image-preview":"max-image-preview:large","max-video-preview":"max-video-preview:-1"},"canonical":"https:\/\/www.savoirpourtous.eu\/rollerpourtous\/ballade-en-roller\/toulon-pradet\/","og_locale":"fr_FR","og_type":"article","og_title":"Toulon-Pradet - Roller Pour Tous","og_description":"Passons au vif du sujet, c&rsquo;est \u00e0 dire les photos des pistes cyclables allant de Claret jusqu&rsquo;au Pradet. &nbsp; Etant habitu\u00e9 de partir de chez moi donc du quartier Claret, pourquoi ne pas montrer la fa\u00e7on la plus simple et la plus rapide d&rsquo;acc\u00e9der au d\u00e9but de la piste cyclable par quelques photos. &nbsp; &nbsp;","og_url":"https:\/\/www.savoirpourtous.eu\/rollerpourtous\/ballade-en-roller\/toulon-pradet\/","og_site_name":"Roller Pour Tous","article_modified_time":"2016-07-19T14:22:41+00:00","og_image":[{"width":240,"height":180,"url":"https:\/\/www.savoirpourtous.eu\/rollerpourtous\/wp-content\/uploads\/2016\/07\/Appareil_Photo.png","type":"image\/png"}],"twitter_card":"summary_large_image","twitter_misc":{"Dur\u00e9e de lecture estim\u00e9e":"1 minute"},"schema":{"@context":"https:\/\/schema.org","@graph":[{"@type":"WebPage","@id":"https:\/\/www.savoirpourtous.eu\/rollerpourtous\/ballade-en-roller\/toulon-pradet\/","url":"https:\/\/www.savoirpourtous.eu\/rollerpourtous\/ballade-en-roller\/toulon-pradet\/","name":"Toulon-Pradet - Roller Pour Tous","isPartOf":{"@id":"https:\/\/www.savoirpourtous.eu\/rollerpourtous\/#website"},"primaryImageOfPage":{"@id":"https:\/\/www.savoirpourtous.eu\/rollerpourtous\/ballade-en-roller\/toulon-pradet\/#primaryimage"},"image":{"@id":"https:\/\/www.savoirpourtous.eu\/rollerpourtous\/ballade-en-roller\/toulon-pradet\/#primaryimage"},"thumbnailUrl":"http:\/\/www.savoirpourtous.eu\/rollerpourtous\/wp-content\/uploads\/2016\/07\/Appareil_Photo.png","datePublished":"2016-07-18T18:37:46+00:00","dateModified":"2016-07-19T14:22:41+00:00","breadcrumb":{"@id":"https:\/\/www.savoirpourtous.eu\/rollerpourtous\/ballade-en-roller\/toulon-pradet\/#breadcrumb"},"inLanguage":"fr-FR","potentialAction":[{"@type":"ReadAction","target":["https:\/\/www.savoirpourtous.eu\/rollerpourtous\/ballade-en-roller\/toulon-pradet\/"]}]},{"@type":"ImageObject","inLanguage":"fr-FR","@id":"https:\/\/www.savoirpourtous.eu\/rollerpourtous\/ballade-en-roller\/toulon-pradet\/#primaryimage","url":"https:\/\/www.savoirpourtous.eu\/rollerpourtous\/wp-content\/uploads\/2016\/07\/Appareil_Photo.png","contentUrl":"https:\/\/www.savoirpourtous.eu\/rollerpourtous\/wp-content\/uploads\/2016\/07\/Appareil_Photo.png","width":240,"height":180,"caption":"Appareil Photo"},{"@type":"BreadcrumbList","@id":"https:\/\/www.savoirpourtous.eu\/rollerpourtous\/ballade-en-roller\/toulon-pradet\/#breadcrumb","itemListElement":[{"@type":"ListItem","position":1,"name":"Accueil","item":"https:\/\/www.savoirpourtous.eu\/rollerpourtous\/"},{"@type":"ListItem","position":2,"name":"Ballade en Roller","item":"https:\/\/www.savoirpourtous.eu\/rollerpourtous\/ballade-en-roller\/"},{"@type":"ListItem","position":3,"name":"Toulon-Pradet"}]},{"@type":"WebSite","@id":"https:\/\/www.savoirpourtous.eu\/rollerpourtous\/#website","url":"https:\/\/www.savoirpourtous.eu\/rollerpourtous\/","name":"Roller Pour Tous","description":"Rouler c&#039;est la sant\u00e9","potentialAction":[{"@type":"SearchAction","target":{"@type":"EntryPoint","urlTemplate":"https:\/\/www.savoirpourtous.eu\/rollerpourtous\/?s={search_term_string}"},"query-input":{"@type":"PropertyValueSpecification","valueRequired":true,"valueName":"search_term_string"}}],"inLanguage":"fr-FR"}]}},"_links":{"self":[{"href":"https:\/\/www.savoirpourtous.eu\/rollerpourtous\/wp-json\/wp\/v2\/pages\/261","targetHints":{"allow":["GET"]}}],"collection":[{"href":"https:\/\/www.savoirpourtous.eu\/rollerpourtous\/wp-json\/wp\/v2\/pages"}],"about":[{"href":"https:\/\/www.savoirpourtous.eu\/rollerpourtous\/wp-json\/wp\/v2\/types\/page"}],"author":[{"embeddable":true,"href":"https:\/\/www.savoirpourtous.eu\/rollerpourtous\/wp-json\/wp\/v2\/users\/1"}],"replies":[{"embeddable":true,"href":"https:\/\/www.savoirpourtous.eu\/rollerpourtous\/wp-json\/wp\/v2\/comments?post=261"}],"version-history":[{"count":10,"href":"https:\/\/www.savoirpourtous.eu\/rollerpourtous\/wp-json\/wp\/v2\/pages\/261\/revisions"}],"predecessor-version":[{"id":464,"href":"https:\/\/www.savoirpourtous.eu\/rollerpourtous\/wp-json\/wp\/v2\/pages\/261\/revisions\/464"}],"up":[{"embeddable":true,"href":"https:\/\/www.savoirpourtous.eu\/rollerpourtous\/wp-json\/wp\/v2\/pages\/28"}],"wp:attachment":[{"href":"https:\/\/www.savoirpourtous.eu\/rollerpourtous\/wp-json\/wp\/v2\/media?parent=261"}],"curies":[{"name":"wp","href":"https:\/\/api.w.org\/{rel}","templated":true}]}}